{"id":133,"date":"2015-01-28T00:03:24","date_gmt":"2015-01-28T00:03:24","guid":{"rendered":"http:\/\/www.conservatoriodemusicadeolhao.com\/?page_id=133"},"modified":"2024-04-02T14:34:39","modified_gmt":"2024-04-02T14:34:39","slug":"acesso-aos-cursos","status":"publish","type":"page","link":"https:\/\/www.conservatoriodemusicadeolhao.com\/?page_id=133","title":{"rendered":"Acesso aos Cursos"},"content":{"rendered":"<p>A admiss\u00e3o de novos alunos \u00e9 sempre condicionada \u00e0 exist\u00eancia de vaga e dentro de prazos estipulados anualmente.<\/p>\n<p>&nbsp;<\/p>\n<p><strong>Acesso ao Curso de M\u00fasica (Pr\u00e9-escolar):<\/strong>\u00a0n\u00e3o sujeito a prova de admiss\u00e3o.<\/p>\n<p><strong>Acesso aos Cursos Livres:<\/strong> n\u00e3o sujeito a prova de admiss\u00e3o<\/p>\n<p><strong>Acesso ao Curso de M\u00fasica (Inicia\u00e7\u00e3o): alunos que v\u00e3o frequentar o 1\u00ba Ciclo do Ensino B\u00e1sico: <\/strong>n\u00e3o sujeito a prova de admiss\u00e3o.<\/p>\n<p><strong>Acesso ao Curso B\u00e1sico\u00a0(M\u00fasica): alunos que v\u00e3o frequentar o 5\u00ba ano (2\u00ba Ciclo do Ensino B\u00e1sico).<\/strong><\/p>\n<p>Todos os candidatos t\u00eam de realizar provas de aptid\u00e3o e entrevista de esclarecimento sobre os cursos de m\u00fasica e funcionamento do Conservat\u00f3rio.<br \/>\n<strong>Acesso ao 6\u00ba, 7\u00ba, 8\u00ba e 9\u00ba ano do Ensino B\u00e1sico e ao Curso Secund\u00e1rio \u00a0(M\u00fasica):<\/strong><\/p>\n<p>Todos os candidatos t\u00eam de realizar uma prova de Instrumento e uma prova de Forma\u00e7\u00e3o Musical (escrita e oral) com conte\u00fado e repert\u00f3rio do ano imediatamente anterior aquele para que se candidatam.<\/p>\n<p>&nbsp;<\/p>\n<p><strong>Prova de Aptid\u00e3o Musical\/Admiss\u00e3o<\/strong><\/p>\n<p>A Prova de Aptid\u00e3o Musical pretende avaliar:<\/p>\n<ul>\n<li>O ouvido musical;<\/li>\n<li>A coordena\u00e7\u00e3o motora\/adapta\u00e7\u00e3o ao instrumento; o(a) candidato(a) deve realizar esta prova em 2 instrumentos diferentes, podendo posteriormente optar pela seria\u00e7\u00e3o (melhor classifica\u00e7\u00e3o obtida) ou pelo instrumento da sua prefer\u00eancia;<\/li>\n<li>A capacidade de memoriza\u00e7\u00e3o e reprodu\u00e7\u00e3o de padr\u00f5es r\u00edtmicos e mel\u00f3dicos.<\/li>\n<\/ul>\n<p>Sempre que o n.\u00ba de candidatos seja superior ao n.\u00ba de vagas dispon\u00edveis num determinado instrumento s\u00e3o admitidos os candidatos com melhor classifica\u00e7\u00e3o na prova de aptid\u00e3o at\u00e9 preencher as vagas dispon\u00edveis.<\/p>\n<p>A prova de Forma\u00e7\u00e3o Musical pode incluir uma prova escrita e uma prova oral.<\/p>\n<p>A prova de Instrumento \u00e9 uma prova pr\u00e1tica.<\/p>\n<p>Ser\u00e1 realizada uma entrevista a cada candidato.<\/p>\n<p>&nbsp;<\/p>\n<p>&nbsp;<\/p>\n","protected":false},"excerpt":{"rendered":"<p>A admiss\u00e3o de novos alunos \u00e9 sempre condicionada \u00e0 exist\u00eancia de vaga e dentro de prazos estipulados anualmente. &nbsp; Acesso ao Curso de M\u00fasica (Pr\u00e9-escolar):\u00a0n\u00e3o sujeito a prova de admiss\u00e3o. [&hellip;]<\/p>\n","protected":false},"author":2,"featured_media":0,"parent":15,"menu_order":0,"comment_status":"closed","ping_status":"closed","template":"","meta":{"footnotes":""},"class_list":["post-133","page","type-page","status-publish","hentry"],"_links":{"self":[{"href":"https:\/\/www.conservatoriodemusicadeolhao.com\/index.php?rest_route=\/wp\/v2\/pages\/133","targetHints":{"allow":["GET"]}}],"collection":[{"href":"https:\/\/www.conservatoriodemusicadeolhao.com\/index.php?rest_route=\/wp\/v2\/pages"}],"about":[{"href":"https:\/\/www.conservatoriodemusicadeolhao.com\/index.php?rest_route=\/wp\/v2\/types\/page"}],"author":[{"embeddable":true,"href":"https:\/\/www.conservatoriodemusicadeolhao.com\/index.php?rest_route=\/wp\/v2\/users\/2"}],"replies":[{"embeddable":true,"href":"https:\/\/www.conservatoriodemusicadeolhao.com\/index.php?rest_route=%2Fwp%2Fv2%2Fcomments&post=133"}],"version-history":[{"count":2,"href":"https:\/\/www.conservatoriodemusicadeolhao.com\/index.php?rest_route=\/wp\/v2\/pages\/133\/revisions"}],"predecessor-version":[{"id":2288,"href":"https:\/\/www.conservatoriodemusicadeolhao.com\/index.php?rest_route=\/wp\/v2\/pages\/133\/revisions\/2288"}],"up":[{"embeddable":true,"href":"https:\/\/www.conservatoriodemusicadeolhao.com\/index.php?rest_route=\/wp\/v2\/pages\/15"}],"wp:attachment":[{"href":"https:\/\/www.conservatoriodemusicadeolhao.com\/index.php?rest_route=%2Fwp%2Fv2%2Fmedia&parent=133"}],"curies":[{"name":"wp","href":"https:\/\/api.w.org\/{rel}","templated":true}]}}