{"id":162,"date":"2015-01-28T00:48:51","date_gmt":"2015-01-28T00:48:51","guid":{"rendered":"http:\/\/www.conservatoriodemusicadeolhao.com\/?page_id=162"},"modified":"2024-04-02T11:49:16","modified_gmt":"2024-04-02T11:49:16","slug":"curso-secundario-de-musica","status":"publish","type":"page","link":"https:\/\/www.conservatoriodemusicadeolhao.com\/?page_id=162","title":{"rendered":"Curso Secund\u00e1rio de M\u00fasica"},"content":{"rendered":"<p>Os Cursos Art\u00edsticos Especializados de n\u00edvel Secund\u00e1rio, no dom\u00ednio da M\u00fasica, podem ser o percurso mais indicado para os alunos que t\u00eam uma voca\u00e7\u00e3o nesta \u00e1rea e que procuram um ensino onde possam desenvolver as suas aptid\u00f5es ou talentos art\u00edsticos; para aqueles que pretendem uma forma\u00e7\u00e3o de excel\u00eancia que viabilize uma profiss\u00e3o neste ramo art\u00edstico; ou para quem ambiciona estar melhor preparado para uma forma\u00e7\u00e3o de n\u00edvel superior no dom\u00ednio da M\u00fasica.<\/p>\n<p>O Conservat\u00f3rio de M\u00fasica de Olh\u00e3o ministra o Curso Secund\u00e1rio de M\u00fasica na variante de Instrumento.<\/p>\n<p>Os cursos de instrumento dispon\u00edveis s\u00e3o: Acorde\u00e3o;Piano;Violino; Viola d&#8217;arco; Violoncelo; Guitarra; Clarinete<\/p>\n<h3><span style=\"text-decoration: underline; color: #333399;\"><strong>Curso Secund\u00e1rio em Regime\u00a0Articulado<\/strong><\/span><\/h3>\n<h3><strong>Plano de Estudos:<\/strong><\/h3>\n<p>Carga Hor\u00e1ria Semanal ( em minutos)<\/p>\n<p><strong>Componentes de Forma\u00e7\u00e3o Geral:<\/strong><\/p>\n<p>Portugu\u00eas (180 m); L\u00edngua Estrangeira (150 m); Filosofia (150 m); Educa\u00e7\u00e3o F\u00edsica (150 m);<\/p>\n<p><strong>Componentes de Forma\u00e7\u00e3o Cient\u00edfica:<\/strong><\/p>\n<p>Hist\u00f3ria da Cultura e das Artes (135 m); Forma\u00e7\u00e3o Musical (90 m); An\u00e1lise e T\u00e9cnicas de Composi\u00e7\u00e3o (135 m);<\/p>\n<p><strong>Componentes de Forma\u00e7\u00e3o T\u00e9cnica-Art\u00edstica:<\/strong><\/p>\n<p style=\"text-align: justify;\"><strong>Curso de Instrumento, Forma\u00e7\u00e3o Musical ou Composi\u00e7\u00e3o:<\/strong> Instrumento\/Educa\u00e7\u00e3o Vocal\/Composi\u00e7\u00e3o (90 m); Classes de Conjunto (135 m) + (45m); Disciplina de Op\u00e7\u00e3o (apenas no 11\u00ba e 12\u00ba ano) (45 m): Baixo Cont\u00ednuo; Acompanhamento e Improvisa\u00e7\u00e3o; Instrumento de Tecla;<\/p>\n<p>Escola do Ensino Regular com o qual protocolamos:<\/p>\n<ul>\n<li>Escola Secund\u00e1ria Dr. Francisco Fernandes Lopes<\/li>\n<\/ul>\n<h3><span style=\"text-decoration: underline; color: #333399;\"><strong>Curso Secund\u00e1rio em\u00a0<\/strong><strong>Regime Supletivo<\/strong><\/span><\/h3>\n<h3 style=\"text-align: justify;\"><strong>Plano de Estudos:<\/strong><\/h3>\n<p style=\"text-align: justify;\"><strong>Componentes de Forma\u00e7\u00e3o Cient\u00edfica:<\/strong><\/p>\n<p style=\"text-align: justify;\">Forma\u00e7\u00e3o Musical (90 m); An\u00e1lise e T\u00e9cnicas de Composi\u00e7\u00e3o (135 m); Hist\u00f3ria da Cultura e das Artes (135 m);<\/p>\n<p style=\"text-align: justify;\"><strong>Componentes de Forma\u00e7\u00e3o T\u00e9cnica-Art\u00edstica:<\/strong> <strong>Curso de Instrumento:<\/strong><\/p>\n<p style=\"text-align: justify;\">Instrumento (45 m); Classes de Conjunto (135m);<\/p>\n<p><em>\u00a0Legisla\u00e7\u00e3o aplic\u00e1vel :<\/em><\/p>\n<p><em> <a href=\"https:\/\/dre.pt\/dre\/detalhe\/portaria\/229-a-2018-116068173\">Portaria 229-A\/2018, 14 agosto<\/a><\/em><\/p>\n","protected":false},"excerpt":{"rendered":"<p>Os Cursos Art\u00edsticos Especializados de n\u00edvel Secund\u00e1rio, no dom\u00ednio da M\u00fasica, podem ser o percurso mais indicado para os alunos que t\u00eam uma voca\u00e7\u00e3o nesta \u00e1rea e que procuram um [&hellip;]<\/p>\n","protected":false},"author":2,"featured_media":0,"parent":15,"menu_order":0,"comment_status":"closed","ping_status":"closed","template":"","meta":{"footnotes":""},"class_list":["post-162","page","type-page","status-publish","hentry"],"_links":{"self":[{"href":"https:\/\/www.conservatoriodemusicadeolhao.com\/index.php?rest_route=\/wp\/v2\/pages\/162","targetHints":{"allow":["GET"]}}],"collection":[{"href":"https:\/\/www.conservatoriodemusicadeolhao.com\/index.php?rest_route=\/wp\/v2\/pages"}],"about":[{"href":"https:\/\/www.conservatoriodemusicadeolhao.com\/index.php?rest_route=\/wp\/v2\/types\/page"}],"author":[{"embeddable":true,"href":"https:\/\/www.conservatoriodemusicadeolhao.com\/index.php?rest_route=\/wp\/v2\/users\/2"}],"replies":[{"embeddable":true,"href":"https:\/\/www.conservatoriodemusicadeolhao.com\/index.php?rest_route=%2Fwp%2Fv2%2Fcomments&post=162"}],"version-history":[{"count":6,"href":"https:\/\/www.conservatoriodemusicadeolhao.com\/index.php?rest_route=\/wp\/v2\/pages\/162\/revisions"}],"predecessor-version":[{"id":2261,"href":"https:\/\/www.conservatoriodemusicadeolhao.com\/index.php?rest_route=\/wp\/v2\/pages\/162\/revisions\/2261"}],"up":[{"embeddable":true,"href":"https:\/\/www.conservatoriodemusicadeolhao.com\/index.php?rest_route=\/wp\/v2\/pages\/15"}],"wp:attachment":[{"href":"https:\/\/www.conservatoriodemusicadeolhao.com\/index.php?rest_route=%2Fwp%2Fv2%2Fmedia&parent=162"}],"curies":[{"name":"wp","href":"https:\/\/api.w.org\/{rel}","templated":true}]}}