{"id":23,"date":"2015-01-20T12:14:53","date_gmt":"2015-01-20T12:14:53","guid":{"rendered":"http:\/\/conservatoriodemusicadeolhao.com\/?page_id=23"},"modified":"2024-09-20T18:04:14","modified_gmt":"2024-09-20T18:04:14","slug":"informacoes","status":"publish","type":"page","link":"https:\/\/www.conservatoriodemusicadeolhao.com\/?page_id=23","title":{"rendered":"Contactos"},"content":{"rendered":"<p><strong>CONTACTOS<\/strong><\/p>\n<p><strong>Conservat\u00f3rio de M\u00fasica de Olh\u00e3o<\/strong><\/p>\n<p>Av. 16 de junho<br \/>\n8700-311 Olh\u00e3o<\/p>\n<p><strong>NIF<\/strong>: 507654935<\/p>\n<p>recepcao@conservatoriodemusicadeolhao.com<\/p>\n<p>Telefone: 289 721 527 ( chamada para a rede fixa nacional)<br \/>\nTelem\u00f3vel :(00351)\u00a0 \u00a0969 605 734 (Chamada para rede m\u00f3vel nacional)<\/p>\n<p>&nbsp;<\/p>\n<p><strong>Secretaria: H<\/strong><strong>or\u00e1rio de atendimento ao p\u00fablico<\/strong><\/p>\n<p><strong>\u00a0 \u00a0 \u00a0 \u00a0 \u00a0 \u00a0 \u00a0 \u00a0 \u00a0 \u00a0 \u00a0 \u00a0 \u00a0 \u00a0 \u00a0 \u00a0 \u00a0 \u00a0 \u00a0 \u00a0 \u00a0 \u00a0 \u00a0 \u00a0 \u00a0 \u00a0Manh\u00e3\u00a0 \u00a0 \u00a0 \u00a0 \u00a0 \u00a0 \u00a0 \u00a0 \u00a0 \u00a0 \u00a0 \u00a0 \u00a0 \u00a0 \u00a0 \u00a0 Tarde<\/strong><\/p>\n<p><strong>2\u00aa feira e\u00a0 4 \u00aa feira\u00a0 \u00a0 \u00a0 \u00a0 \u00a0 \u00a0 \u00a0&#8212;&#8212;&#8212;-\u00a0 \u00a0 \u00a0 \u00a0 \u00a0 \u00a0 \u00a0 \u00a0 \u00a0 \u00a0 \u00a0 \u00a0 \u00a0 \u00a014h00\/18h00<\/strong><\/p>\n<p><strong>2\u00aa feira a\u00a0 \u00a06 \u00aa feira\u00a0 \u00a0 \u00a0 \u00a0 09h00\/12h00\u00a0 \u00a0 \u00a0 \u00a0 \u00a0 \u00a0 \u00a0 \u00a0 \u00a014h00\/18h00<\/strong><\/p>\n<p>&nbsp;<\/p>\n<p><strong>O atendimento da Dire\u00e7\u00e3o Pedag\u00f3gica aos Encarregados de Educa\u00e7\u00e3o <\/strong><strong>requer marca\u00e7\u00e3o pr\u00e9via com men\u00e7\u00e3o do assunto atrav\u00e9s dos nossos contactos.<\/strong><\/p>\n<p>&nbsp;<\/p>\n<p>&nbsp;<\/p>\n<p style=\"margin: 0cm; margin-bottom: .0001pt; line-height: 14.4pt; background: white;\">\n","protected":false},"excerpt":{"rendered":"<p>CONTACTOS Conservat\u00f3rio de M\u00fasica de Olh\u00e3o Av. 16 de junho 8700-311 Olh\u00e3o NIF: 507654935 recepcao@conservatoriodemusicadeolhao.com Telefone: 289 721 527 ( chamada para a rede fixa nacional) Telem\u00f3vel :(00351)\u00a0 \u00a0969 605 [&hellip;]<\/p>\n","protected":false},"author":1,"featured_media":0,"parent":0,"menu_order":0,"comment_status":"closed","ping_status":"closed","template":"","meta":{"footnotes":""},"class_list":["post-23","page","type-page","status-publish","hentry"],"_links":{"self":[{"href":"https:\/\/www.conservatoriodemusicadeolhao.com\/index.php?rest_route=\/wp\/v2\/pages\/23","targetHints":{"allow":["GET"]}}],"collection":[{"href":"https:\/\/www.conservatoriodemusicadeolhao.com\/index.php?rest_route=\/wp\/v2\/pages"}],"about":[{"href":"https:\/\/www.conservatoriodemusicadeolhao.com\/index.php?rest_route=\/wp\/v2\/types\/page"}],"author":[{"embeddable":true,"href":"https:\/\/www.conservatoriodemusicadeolhao.com\/index.php?rest_route=\/wp\/v2\/users\/1"}],"replies":[{"embeddable":true,"href":"https:\/\/www.conservatoriodemusicadeolhao.com\/index.php?rest_route=%2Fwp%2Fv2%2Fcomments&post=23"}],"version-history":[{"count":13,"href":"https:\/\/www.conservatoriodemusicadeolhao.com\/index.php?rest_route=\/wp\/v2\/pages\/23\/revisions"}],"predecessor-version":[{"id":2480,"href":"https:\/\/www.conservatoriodemusicadeolhao.com\/index.php?rest_route=\/wp\/v2\/pages\/23\/revisions\/2480"}],"wp:attachment":[{"href":"https:\/\/www.conservatoriodemusicadeolhao.com\/index.php?rest_route=%2Fwp%2Fv2%2Fmedia&parent=23"}],"curies":[{"name":"wp","href":"https:\/\/api.w.org\/{rel}","templated":true}]}}