{"id":26,"date":"2015-01-20T12:40:23","date_gmt":"2015-01-20T12:40:23","guid":{"rendered":"http:\/\/conservatoriodemusicadeolhao.com\/?page_id=26"},"modified":"2024-04-02T11:43:15","modified_gmt":"2024-04-02T11:43:15","slug":"como-chegar","status":"publish","type":"page","link":"https:\/\/www.conservatoriodemusicadeolhao.com\/?page_id=26","title":{"rendered":"Como chegar"},"content":{"rendered":"<p>O Conservat\u00f3rio de M\u00fasica de Olh\u00e3o encontra-se\u00a0 com sede na Avenida 16 de\u00a0 junho, \u00a08700-311, Olh\u00e3o.<\/p>\n<p>COORDENADAS : 37.02621778226884, -7.836642518968687<\/p>\n<p><a href=\"https:\/\/www.google.com\/maps\/place\/Conservat%C3%B3rio+de+M%C3%BAsica+de+Olh%C3%A3o\/@37.0259462,-7.839553,875m\/data=!3m1!1e3!4m16!1m9!3m8!1s0xd0554c539bd9503:0x48be1dd748914120!2sConservat%C3%B3rio+de+M%C3%BAsica+de+Olh%C3%A3o!8m2!3d37.0259425!4d-7.836551!9m1!1b1!16s%2Fg%2F1tmxxvkb!3m5!1s0xd0554c539bd9503:0x48be1dd748914120!8m2!3d37.0259425!4d-7.836551!16s%2Fg%2F1tmxxvkb?hl=pt-BR&amp;entry=ttu\">LOCALIZA\u00c7\u00c3O \/LINK<\/a><\/p>\n<p><img loading=\"lazy\" decoding=\"async\" class=\"alignleft size-large wp-image-2257\" src=\"https:\/\/www.conservatoriodemusicadeolhao.com\/wp-content\/uploads\/2024\/04\/image-2-1-1024x618.png\" alt=\"\" width=\"1024\" height=\"618\" srcset=\"https:\/\/www.conservatoriodemusicadeolhao.com\/wp-content\/uploads\/2024\/04\/image-2-1-1024x618.png 1024w, https:\/\/www.conservatoriodemusicadeolhao.com\/wp-content\/uploads\/2024\/04\/image-2-1-300x181.png 300w, https:\/\/www.conservatoriodemusicadeolhao.com\/wp-content\/uploads\/2024\/04\/image-2-1-768x464.png 768w, https:\/\/www.conservatoriodemusicadeolhao.com\/wp-content\/uploads\/2024\/04\/image-2-1.png 1371w\" sizes=\"auto, (max-width: 1024px) 100vw, 1024px\" \/><\/p>\n<p><a href=\"http:\/\/conservatoriodemusicadeolhao.com\/wp-content\/uploads\/2015\/01\/Google-earth-Conservat\u00f3rio-Olh\u00e3o.jpg\"><img loading=\"lazy\" decoding=\"async\" class=\"alignleft size-large wp-image-2255\" src=\"https:\/\/www.conservatoriodemusicadeolhao.com\/wp-content\/uploads\/2024\/04\/image-2-1024x718.png\" alt=\"\" width=\"1024\" height=\"718\" srcset=\"https:\/\/www.conservatoriodemusicadeolhao.com\/wp-content\/uploads\/2024\/04\/image-2-1024x718.png 1024w, https:\/\/www.conservatoriodemusicadeolhao.com\/wp-content\/uploads\/2024\/04\/image-2-300x210.png 300w, https:\/\/www.conservatoriodemusicadeolhao.com\/wp-content\/uploads\/2024\/04\/image-2-768x538.png 768w, https:\/\/www.conservatoriodemusicadeolhao.com\/wp-content\/uploads\/2024\/04\/image-2.png 1123w\" sizes=\"auto, (max-width: 1024px) 100vw, 1024px\" \/><br \/>\n<\/a><\/p>\n","protected":false},"excerpt":{"rendered":"<p>O Conservat\u00f3rio de M\u00fasica de Olh\u00e3o encontra-se\u00a0 com sede na Avenida 16 de\u00a0 junho, \u00a08700-311, Olh\u00e3o. COORDENADAS : 37.02621778226884, -7.836642518968687 LOCALIZA\u00c7\u00c3O \/LINK<\/p>\n","protected":false},"author":1,"featured_media":0,"parent":0,"menu_order":0,"comment_status":"closed","ping_status":"closed","template":"","meta":{"footnotes":""},"class_list":["post-26","page","type-page","status-publish","hentry"],"_links":{"self":[{"href":"https:\/\/www.conservatoriodemusicadeolhao.com\/index.php?rest_route=\/wp\/v2\/pages\/26","targetHints":{"allow":["GET"]}}],"collection":[{"href":"https:\/\/www.conservatoriodemusicadeolhao.com\/index.php?rest_route=\/wp\/v2\/pages"}],"about":[{"href":"https:\/\/www.conservatoriodemusicadeolhao.com\/index.php?rest_route=\/wp\/v2\/types\/page"}],"author":[{"embeddable":true,"href":"https:\/\/www.conservatoriodemusicadeolhao.com\/index.php?rest_route=\/wp\/v2\/users\/1"}],"replies":[{"embeddable":true,"href":"https:\/\/www.conservatoriodemusicadeolhao.com\/index.php?rest_route=%2Fwp%2Fv2%2Fcomments&post=26"}],"version-history":[{"count":11,"href":"https:\/\/www.conservatoriodemusicadeolhao.com\/index.php?rest_route=\/wp\/v2\/pages\/26\/revisions"}],"predecessor-version":[{"id":2258,"href":"https:\/\/www.conservatoriodemusicadeolhao.com\/index.php?rest_route=\/wp\/v2\/pages\/26\/revisions\/2258"}],"wp:attachment":[{"href":"https:\/\/www.conservatoriodemusicadeolhao.com\/index.php?rest_route=%2Fwp%2Fv2%2Fmedia&parent=26"}],"curies":[{"name":"wp","href":"https:\/\/api.w.org\/{rel}","templated":true}]}}