{"id":2769,"date":"2026-02-27T20:44:15","date_gmt":"2026-02-27T20:44:15","guid":{"rendered":"https:\/\/www.conservatoriodemusicadeolhao.com\/?page_id=2769"},"modified":"2026-02-27T21:05:48","modified_gmt":"2026-02-27T21:05:48","slug":"ano-letivo-26-27","status":"publish","type":"page","link":"https:\/\/www.conservatoriodemusicadeolhao.com\/?page_id=2769","title":{"rendered":"ANO LETIVO 26-27"},"content":{"rendered":"<h2><strong>ANO LETIVO 26-27<\/strong><\/h2>\n<h1>Acesso aos Cursos B\u00e1sicos e Secund\u00e1rios de M\u00fasica<\/h1>\n<h3>DOCUMENTOS A CONSULTAR:<\/h3>\n<p><a href=\"https:\/\/www.conservatoriodemusicadeolhao.com\/wp-content\/uploads\/2026\/02\/REGULAMENTO-CANDIDATOS-A-INICIACAO-26-27-CMO.pdf\">REGULAMENTO ADMISS\u00c3O CANDIDATOS AO CURSO\u00a0 INICIA\u00c7\u00c3O 26-27 CMO.<\/a><\/p>\n<p><a href=\"https:\/\/www.conservatoriodemusicadeolhao.com\/wp-content\/uploads\/2026\/02\/REGULAMENTO-provas-de-admissaoao-ensino-secundario-26-27.pdf\">REGULAMENTO PROVAS DE ADMISS\u00c3O AO ENSINO B\u00c1SICO DE M\u00daSICA CMO\u00a0 26-27<\/a><\/p>\n<p><a href=\"https:\/\/www.conservatoriodemusicadeolhao.com\/wp-content\/uploads\/2026\/02\/REGULAMENTO-DAS-PROVAS-DE-ADMISSAO-BASICO-26-27-CMO.pdf\">REGULAMENTO\u00a0 PROVAS DE ADMISS\u00c3O AO ENSINO\u00a0 B\u00c1SICO 26-27 CMO<\/a><\/p>\n<h4><strong><a href=\"https:\/\/www.conservatoriodemusicadeolhao.com\/wp-content\/uploads\/2026\/02\/Edital-1_2026-27-Admissao-de-novos-alunos.pdf\">Edital 1_2026-27 Admiss\u00e3o de novos alunos e Matriz da prova de admiss\u00e3o ao 5\u00baano\/1\u00ba grau<\/a><\/strong><\/h4>\n<p><iframe loading=\"lazy\" title=\"ENSINO ESPECIALIZADO DA M\u00daSICA REGIME ARTICULADO\" src=\"https:\/\/www.canva.com\/design\/DAE65UqAwN0\/dOrOBQ02OwoEbmiYo5-xow\/view?embed&amp;meta\" height=\"658\" width=\"1170\" style=\"border: none; border-radius: 8px; width: 1170px; height: 658px;\" allowfullscreen=\"allowfullscreen\" allow=\"fullscreen\"><\/iframe><\/p>\n","protected":false},"excerpt":{"rendered":"<p>ANO LETIVO 26-27 Acesso aos Cursos B\u00e1sicos e Secund\u00e1rios de M\u00fasica DOCUMENTOS A CONSULTAR: REGULAMENTO ADMISS\u00c3O CANDIDATOS AO CURSO\u00a0 INICIA\u00c7\u00c3O 26-27 CMO. REGULAMENTO PROVAS DE ADMISS\u00c3O AO ENSINO B\u00c1SICO DE [&hellip;]<\/p>\n","protected":false},"author":2,"featured_media":0,"parent":0,"menu_order":0,"comment_status":"closed","ping_status":"closed","template":"","meta":{"footnotes":""},"class_list":["post-2769","page","type-page","status-publish","hentry"],"_links":{"self":[{"href":"https:\/\/www.conservatoriodemusicadeolhao.com\/index.php?rest_route=\/wp\/v2\/pages\/2769","targetHints":{"allow":["GET"]}}],"collection":[{"href":"https:\/\/www.conservatoriodemusicadeolhao.com\/index.php?rest_route=\/wp\/v2\/pages"}],"about":[{"href":"https:\/\/www.conservatoriodemusicadeolhao.com\/index.php?rest_route=\/wp\/v2\/types\/page"}],"author":[{"embeddable":true,"href":"https:\/\/www.conservatoriodemusicadeolhao.com\/index.php?rest_route=\/wp\/v2\/users\/2"}],"replies":[{"embeddable":true,"href":"https:\/\/www.conservatoriodemusicadeolhao.com\/index.php?rest_route=%2Fwp%2Fv2%2Fcomments&post=2769"}],"version-history":[{"count":5,"href":"https:\/\/www.conservatoriodemusicadeolhao.com\/index.php?rest_route=\/wp\/v2\/pages\/2769\/revisions"}],"predecessor-version":[{"id":2775,"href":"https:\/\/www.conservatoriodemusicadeolhao.com\/index.php?rest_route=\/wp\/v2\/pages\/2769\/revisions\/2775"}],"wp:attachment":[{"href":"https:\/\/www.conservatoriodemusicadeolhao.com\/index.php?rest_route=%2Fwp%2Fv2%2Fmedia&parent=2769"}],"curies":[{"name":"wp","href":"https:\/\/api.w.org\/{rel}","templated":true}]}}